{"id":1351,"date":"2025-05-10T07:53:23","date_gmt":"2025-05-10T07:53:23","guid":{"rendered":"https:\/\/rosannenavis.nl\/?post_type=product&#038;p=1351"},"modified":"2025-05-10T07:53:23","modified_gmt":"2025-05-10T07:53:23","slug":"power-set","status":"publish","type":"product","link":"https:\/\/rosannenavis.nl\/?product=power-set","title":{"rendered":"Power Set"},"content":{"rendered":"<div class=\"product-description-top hidden-md-down\">\n<p>Een combinatie van een concentraat van hoogwaardige alo\u00eb vera actieve bestanddelen en een aanvullende alo\u00eb vera cr\u00e8me om de huid te kalmeren. De set is ideaal voor de behandeling van de huid na het zonnebaden<\/p>\n<\/div>\n<div class=\"product-volume\">\n<p><span class=\"inhalt\">Inhoud:<\/span>\u00a03 x 2 ml &amp; 1 x 3 ml<\/p>\n<\/div>\n","protected":false},"excerpt":{"rendered":"<p>Een combinatie van een concentraat van hoogwaardige alo\u00eb vera actieve bestanddelen en een aanvullende alo\u00eb vera cr\u00e8me om de huid te kalmeren. De set is ideaal voor de behandeling van de huid na het zonnebaden Inhoud:\u00a03 x 2 ml &amp; 1 x 3 ml<\/p>\n","protected":false},"featured_media":1352,"comment_status":"open","ping_status":"closed","template":"","meta":{"neve_meta_sidebar":"","neve_meta_container":"","neve_meta_enable_content_width":"off","neve_meta_content_width":100,"neve_meta_title_alignment":"","neve_meta_author_avatar":"","neve_post_elements_order":"","neve_meta_disable_header":"","neve_meta_disable_footer":"","neve_meta_disable_title":"","_themeisle_gutenberg_block_has_review":false},"product_brand":[],"product_cat":[18],"product_tag":[],"class_list":{"0":"post-1351","1":"product","2":"type-product","3":"status-publish","4":"has-post-thumbnail","6":"product_cat-geen-categorie","8":"first","9":"instock","10":"taxable","11":"shipping-taxable","12":"purchasable","13":"product-type-simple"},"_links":{"self":[{"href":"https:\/\/rosannenavis.nl\/index.php?rest_route=\/wp\/v2\/product\/1351","targetHints":{"allow":["GET"]}}],"collection":[{"href":"https:\/\/rosannenavis.nl\/index.php?rest_route=\/wp\/v2\/product"}],"about":[{"href":"https:\/\/rosannenavis.nl\/index.php?rest_route=\/wp\/v2\/types\/product"}],"replies":[{"embeddable":true,"href":"https:\/\/rosannenavis.nl\/index.php?rest_route=%2Fwp%2Fv2%2Fcomments&post=1351"}],"wp:featuredmedia":[{"embeddable":true,"href":"https:\/\/rosannenavis.nl\/index.php?rest_route=\/wp\/v2\/media\/1352"}],"wp:attachment":[{"href":"https:\/\/rosannenavis.nl\/index.php?rest_route=%2Fwp%2Fv2%2Fmedia&parent=1351"}],"wp:term":[{"taxonomy":"product_brand","embeddable":true,"href":"https:\/\/rosannenavis.nl\/index.php?rest_route=%2Fwp%2Fv2%2Fproduct_brand&post=1351"},{"taxonomy":"product_cat","embeddable":true,"href":"https:\/\/rosannenavis.nl\/index.php?rest_route=%2Fwp%2Fv2%2Fproduct_cat&post=1351"},{"taxonomy":"product_tag","embeddable":true,"href":"https:\/\/rosannenavis.nl\/index.php?rest_route=%2Fwp%2Fv2%2Fproduct_tag&post=1351"}],"curies":[{"name":"wp","href":"https:\/\/api.w.org\/{rel}","templated":true}]}}