{"id":1318,"date":"2025-04-24T09:15:15","date_gmt":"2025-04-24T09:15:15","guid":{"rendered":"https:\/\/rosannenavis.nl\/?post_type=product&#038;p=1318"},"modified":"2025-04-24T09:15:16","modified_gmt":"2025-04-24T09:15:16","slug":"triple-action-moisturizing-day-night-cream","status":"publish","type":"product","link":"https:\/\/rosannenavis.nl\/?product=triple-action-moisturizing-day-night-cream","title":{"rendered":"Triple Action Moisturizing Day + Night Cream"},"content":{"rendered":"<div class=\"product-description-top hidden-md-down\">\n<p>De innovatieve huidverzorging met zeer effici\u00ebnt werkstoffencomplex voor langdurige hydratatie. Onze actieve ingredi\u00ebntenfilosofie bestaat uit drie belangrijke ingredi\u00ebnten voor effectieve resultaten in uw huidverzorgingsroutine:<\/p>\n<p>Keep: Hoogmoleculair hyaluronzuur zorgt voor een snelle hydratatie van de huid. Activeren: Galangabladextract stimuleert de huideigen hyaluronsynthese en helpt het vochtgehalte te verhogen.<br \/>\nPrevent: Catechines beschermen de huid tegen voortijdig verlies van hyaluronzuur, collageen en elastine, waardoor de elasticiteit van de huid behouden blijft.Langdurige bescherming en versterking van de huidbarri\u00e8re zijn bijzonder belangrijk voor Triple Action Moisturising Day + Night Cream. Het werkzame bestanddeel Keep wordt versterkt door het aminozurencomplex, Vitis Vinifera Seed Oil en Simmondsia Chinensis Seed Oil. De huid wordt bij elke toepassing verfrist en de huidtextuur wordt zichtbaar voller.<\/p>\n<\/div>\n<div class=\"product-volume\">\n<p><span class=\"inhalt\">Inhoud:<\/span>\u00a050 ml<\/p>\n<\/div>\n","protected":false},"excerpt":{"rendered":"<p>De innovatieve huidverzorging met zeer effici\u00ebnt werkstoffencomplex voor langdurige hydratatie. Onze actieve ingredi\u00ebntenfilosofie bestaat uit drie belangrijke ingredi\u00ebnten voor effectieve resultaten in uw huidverzorgingsroutine: Keep: Hoogmoleculair hyaluronzuur zorgt voor een snelle hydratatie van de huid. Activeren: Galangabladextract stimuleert de huideigen hyaluronsynthese en helpt het vochtgehalte te verhogen. Prevent: Catechines beschermen de huid tegen voortijdig verlies&hellip;&nbsp;<a href=\"https:\/\/rosannenavis.nl\/?product=triple-action-moisturizing-day-night-cream\" rel=\"bookmark\">Lees verder &raquo;<span class=\"screen-reader-text\">Triple Action Moisturizing Day + Night Cream<\/span><\/a><\/p>\n","protected":false},"featured_media":1319,"comment_status":"open","ping_status":"closed","template":"","meta":{"neve_meta_sidebar":"","neve_meta_container":"","neve_meta_enable_content_width":"off","neve_meta_content_width":100,"neve_meta_title_alignment":"","neve_meta_author_avatar":"","neve_post_elements_order":"","neve_meta_disable_header":"","neve_meta_disable_footer":"","neve_meta_disable_title":"","_themeisle_gutenberg_block_has_review":false},"product_brand":[],"product_cat":[18],"product_tag":[],"class_list":{"0":"post-1318","1":"product","2":"type-product","3":"status-publish","4":"has-post-thumbnail","6":"product_cat-geen-categorie","8":"first","9":"instock","10":"taxable","11":"shipping-taxable","12":"purchasable","13":"product-type-simple"},"_links":{"self":[{"href":"https:\/\/rosannenavis.nl\/index.php?rest_route=\/wp\/v2\/product\/1318","targetHints":{"allow":["GET"]}}],"collection":[{"href":"https:\/\/rosannenavis.nl\/index.php?rest_route=\/wp\/v2\/product"}],"about":[{"href":"https:\/\/rosannenavis.nl\/index.php?rest_route=\/wp\/v2\/types\/product"}],"replies":[{"embeddable":true,"href":"https:\/\/rosannenavis.nl\/index.php?rest_route=%2Fwp%2Fv2%2Fcomments&post=1318"}],"wp:featuredmedia":[{"embeddable":true,"href":"https:\/\/rosannenavis.nl\/index.php?rest_route=\/wp\/v2\/media\/1319"}],"wp:attachment":[{"href":"https:\/\/rosannenavis.nl\/index.php?rest_route=%2Fwp%2Fv2%2Fmedia&parent=1318"}],"wp:term":[{"taxonomy":"product_brand","embeddable":true,"href":"https:\/\/rosannenavis.nl\/index.php?rest_route=%2Fwp%2Fv2%2Fproduct_brand&post=1318"},{"taxonomy":"product_cat","embeddable":true,"href":"https:\/\/rosannenavis.nl\/index.php?rest_route=%2Fwp%2Fv2%2Fproduct_cat&post=1318"},{"taxonomy":"product_tag","embeddable":true,"href":"https:\/\/rosannenavis.nl\/index.php?rest_route=%2Fwp%2Fv2%2Fproduct_tag&post=1318"}],"curies":[{"name":"wp","href":"https:\/\/api.w.org\/{rel}","templated":true}]}}