{"id":1301,"date":"2025-04-24T08:15:12","date_gmt":"2025-04-24T08:15:12","guid":{"rendered":"https:\/\/rosannenavis.nl\/?post_type=product&#038;p=1301"},"modified":"2025-04-24T08:15:13","modified_gmt":"2025-04-24T08:15:13","slug":"aloe-vera-cream","status":"publish","type":"product","link":"https:\/\/rosannenavis.nl\/?product=aloe-vera-cream","title":{"rendered":"Aloe Vera Cream"},"content":{"rendered":"<div class=\"product-description-top hidden-md-down\">\n<p>De unieke Alo\u00eb Vera Cream is de nieuwe all-rounder voor alle huidtypen en de perfecte aanvulling op de Alo\u00eb Vera Gel. Waardevolle en sterk geconcentreerde actieve stoffen zoals alo\u00eb vera extract kalmeren de huid en hydrateren deze intensief. De mild voedende cr\u00e8me is ook perfect geschikt voor de gevoelige, snel ge\u00efrriteerde huid. Roodkleuringen kunnen kalmeren of zelfs helemaal verdwijnen. Collageen ondersteunt bovendien de celvernieuwing van de huid en het huidbeeld lijkt vitaler en jeugdig fris.<\/p>\n<\/div>\n<div class=\"product-volume\">\n<p><span class=\"inhalt\">Inhoud:<\/span>\u00a050 ml<\/p>\n<\/div>\n","protected":false},"excerpt":{"rendered":"<p>De unieke Alo\u00eb Vera Cream is de nieuwe all-rounder voor alle huidtypen en de perfecte aanvulling op de Alo\u00eb Vera Gel. Waardevolle en sterk geconcentreerde actieve stoffen zoals alo\u00eb vera extract kalmeren de huid en hydrateren deze intensief. De mild voedende cr\u00e8me is ook perfect geschikt voor de gevoelige, snel ge\u00efrriteerde huid. Roodkleuringen kunnen kalmeren&hellip;&nbsp;<a href=\"https:\/\/rosannenavis.nl\/?product=aloe-vera-cream\" rel=\"bookmark\">Lees verder &raquo;<span class=\"screen-reader-text\">Aloe Vera Cream<\/span><\/a><\/p>\n","protected":false},"featured_media":1302,"comment_status":"open","ping_status":"closed","template":"","meta":{"neve_meta_sidebar":"","neve_meta_container":"","neve_meta_enable_content_width":"off","neve_meta_content_width":100,"neve_meta_title_alignment":"","neve_meta_author_avatar":"","neve_post_elements_order":"","neve_meta_disable_header":"","neve_meta_disable_footer":"","neve_meta_disable_title":"","_themeisle_gutenberg_block_has_review":false},"product_brand":[],"product_cat":[18],"product_tag":[],"class_list":{"0":"post-1301","1":"product","2":"type-product","3":"status-publish","4":"has-post-thumbnail","6":"product_cat-geen-categorie","8":"first","9":"instock","10":"taxable","11":"shipping-taxable","12":"purchasable","13":"product-type-simple"},"_links":{"self":[{"href":"https:\/\/rosannenavis.nl\/index.php?rest_route=\/wp\/v2\/product\/1301","targetHints":{"allow":["GET"]}}],"collection":[{"href":"https:\/\/rosannenavis.nl\/index.php?rest_route=\/wp\/v2\/product"}],"about":[{"href":"https:\/\/rosannenavis.nl\/index.php?rest_route=\/wp\/v2\/types\/product"}],"replies":[{"embeddable":true,"href":"https:\/\/rosannenavis.nl\/index.php?rest_route=%2Fwp%2Fv2%2Fcomments&post=1301"}],"wp:featuredmedia":[{"embeddable":true,"href":"https:\/\/rosannenavis.nl\/index.php?rest_route=\/wp\/v2\/media\/1302"}],"wp:attachment":[{"href":"https:\/\/rosannenavis.nl\/index.php?rest_route=%2Fwp%2Fv2%2Fmedia&parent=1301"}],"wp:term":[{"taxonomy":"product_brand","embeddable":true,"href":"https:\/\/rosannenavis.nl\/index.php?rest_route=%2Fwp%2Fv2%2Fproduct_brand&post=1301"},{"taxonomy":"product_cat","embeddable":true,"href":"https:\/\/rosannenavis.nl\/index.php?rest_route=%2Fwp%2Fv2%2Fproduct_cat&post=1301"},{"taxonomy":"product_tag","embeddable":true,"href":"https:\/\/rosannenavis.nl\/index.php?rest_route=%2Fwp%2Fv2%2Fproduct_tag&post=1301"}],"curies":[{"name":"wp","href":"https:\/\/api.w.org\/{rel}","templated":true}]}}