{"id":1297,"date":"2025-04-24T08:02:59","date_gmt":"2025-04-24T08:02:59","guid":{"rendered":"https:\/\/rosannenavis.nl\/?post_type=product&#038;p=1297"},"modified":"2025-04-24T08:02:59","modified_gmt":"2025-04-24T08:02:59","slug":"super-lipid-cream","status":"publish","type":"product","link":"https:\/\/rosannenavis.nl\/?product=super-lipid-cream","title":{"rendered":"Super Lipid Cream"},"content":{"rendered":"<div class=\"product-description-top hidden-md-down\">X-TREME Super Lipid CREAM is een lipidecr\u00e8me uit zuivere plantaardige oli\u00ebn en ceramide ter bescherming van de natuurlijke lipidebarri\u00e8re van de droge, gevoelige en rijpe huid. De geconcentreerde combinatie van natuurlijke ceramide en oli\u00ebn uit Paranoot, Pompoenzaden en Amandel verrijkt met Panthenol ondersteunen de natuurlijke beschermingsbarri\u00e8re van de huid, verzorgen haar met huididentieke vetzuren, vitamines en mineralen. Pathenol bevordert bijkomend de celregeneratie<\/div>\n<div class=\"product-volume\">\n<p><span class=\"inhalt\">Inhoud:<\/span>\u00a050 ml<\/p>\n<\/div>\n","protected":false},"excerpt":{"rendered":"<p>X-TREME Super Lipid CREAM is een lipidecr\u00e8me uit zuivere plantaardige oli\u00ebn en ceramide ter bescherming van de natuurlijke lipidebarri\u00e8re van de droge, gevoelige en rijpe huid. De geconcentreerde combinatie van natuurlijke ceramide en oli\u00ebn uit Paranoot, Pompoenzaden en Amandel verrijkt met Panthenol ondersteunen de natuurlijke beschermingsbarri\u00e8re van de huid, verzorgen haar met huididentieke vetzuren, vitamines&hellip;&nbsp;<a href=\"https:\/\/rosannenavis.nl\/?product=super-lipid-cream\" rel=\"bookmark\">Lees verder &raquo;<span class=\"screen-reader-text\">Super Lipid Cream<\/span><\/a><\/p>\n","protected":false},"featured_media":1298,"comment_status":"open","ping_status":"closed","template":"","meta":{"neve_meta_sidebar":"","neve_meta_container":"","neve_meta_enable_content_width":"off","neve_meta_content_width":100,"neve_meta_title_alignment":"","neve_meta_author_avatar":"","neve_post_elements_order":"","neve_meta_disable_header":"","neve_meta_disable_footer":"","neve_meta_disable_title":"","_themeisle_gutenberg_block_has_review":false},"product_brand":[],"product_cat":[18],"product_tag":[],"class_list":{"0":"post-1297","1":"product","2":"type-product","3":"status-publish","4":"has-post-thumbnail","6":"product_cat-geen-categorie","8":"first","9":"instock","10":"taxable","11":"shipping-taxable","12":"purchasable","13":"product-type-simple"},"_links":{"self":[{"href":"https:\/\/rosannenavis.nl\/index.php?rest_route=\/wp\/v2\/product\/1297","targetHints":{"allow":["GET"]}}],"collection":[{"href":"https:\/\/rosannenavis.nl\/index.php?rest_route=\/wp\/v2\/product"}],"about":[{"href":"https:\/\/rosannenavis.nl\/index.php?rest_route=\/wp\/v2\/types\/product"}],"replies":[{"embeddable":true,"href":"https:\/\/rosannenavis.nl\/index.php?rest_route=%2Fwp%2Fv2%2Fcomments&post=1297"}],"wp:featuredmedia":[{"embeddable":true,"href":"https:\/\/rosannenavis.nl\/index.php?rest_route=\/wp\/v2\/media\/1298"}],"wp:attachment":[{"href":"https:\/\/rosannenavis.nl\/index.php?rest_route=%2Fwp%2Fv2%2Fmedia&parent=1297"}],"wp:term":[{"taxonomy":"product_brand","embeddable":true,"href":"https:\/\/rosannenavis.nl\/index.php?rest_route=%2Fwp%2Fv2%2Fproduct_brand&post=1297"},{"taxonomy":"product_cat","embeddable":true,"href":"https:\/\/rosannenavis.nl\/index.php?rest_route=%2Fwp%2Fv2%2Fproduct_cat&post=1297"},{"taxonomy":"product_tag","embeddable":true,"href":"https:\/\/rosannenavis.nl\/index.php?rest_route=%2Fwp%2Fv2%2Fproduct_tag&post=1297"}],"curies":[{"name":"wp","href":"https:\/\/api.w.org\/{rel}","templated":true}]}}