{"id":1172,"date":"2025-04-14T07:33:45","date_gmt":"2025-04-14T07:33:45","guid":{"rendered":"https:\/\/rosannenavis.nl\/?product=stone-crop-mist"},"modified":"2025-04-14T07:33:47","modified_gmt":"2025-04-14T07:33:47","slug":"stone-crop-mist","status":"publish","type":"product","link":"https:\/\/rosannenavis.nl\/?product=stone-crop-mist","title":{"rendered":"Stone crop mist"},"content":{"rendered":"<p>Een revitaliserende en herstellende toner voor alle huidtypes, in het bijzonder de oneffen huidtypes. Vrij van wreedheid en geformuleerd zonder parabenen, sodium lauryl sulfaten, dierlijke bijproducten, synthetische kleurstoffen, petrochemicali\u00ebn, ftalaten, GMO&#8217;s en triclosan.<\/p>\n<p><strong style=\"margin: 0px;padding: 0px;border: 0px;font-style: inherit;font-weight: var(--font-weight-body-bold);font-size: inherit;line-height: inherit;font-family: inherit;vertical-align: baseline\">Size:<\/strong><span class=\"Apple-converted-space\">&nbsp;<\/span>125ml<\/p>\n<p><strong style=\"margin: 0px;padding: 0px;border: 0px;font-style: inherit;font-weight: var(--font-weight-body-bold);font-size: inherit;line-height: inherit;font-family: inherit;vertical-align: baseline\">Gebruiksaanwijzing<\/strong><\/p>\n<p><span>Reinig de huid en breng \u00e9\u00e9n tot twee sprays aan op gezicht en hals of breng aan met een wattenschijfje, vermijd de huid rond de ogen. Laten inwerken. Op elk moment van de dag opnieuw aanbrengen om de teint op te frissen en te liften.<\/span><span><span class=\"Apple-converted-space\">&nbsp;<\/span><\/span><\/p>\n<p><strong style=\"margin: 0px;padding: 0px;border: 0px;font-style: inherit;font-weight: var(--font-weight-body-bold);font-size: inherit;line-height: inherit;font-family: inherit;vertical-align: baseline\">Details<\/strong><\/p>\n<p><span>&#8211; Bestsellers, Award Winning, Vegan, Notenvrij, Glutenvrij<\/span><br \/>\n<span>&#8211; Winner of Best Teen Skincare \u2013 Normal Skin: Stone Crop Collection, Spa &amp; Wellness MexiCaribe Product Awards, 2019<\/span><br \/>\n<span>&#8211; Winner of Best Men\u2019s Aftershave Product, Spa &amp; Wellness MexiCaribe Product Awards, 2019<\/span><br \/>\n<span>&#8211; Winner of Best Men\u2019s Line, Best Product Awards, LNE &amp; Spa\u2019s, 2019<\/span><br \/>\n<span>&#8211; Winner of Best Toner, Associated Skin Care Professionals\u2019 &amp; Skin Deep Readers\u2019 Choice Awards, 2017<\/span><\/p>\n<p><strong style=\"margin: 0px;padding: 0px;border: 0px;font-style: inherit;font-weight: var(--font-weight-body-bold);font-size: inherit;line-height: inherit;font-family: inherit;vertical-align: baseline\">Resultaten<\/strong><\/p>\n<p><span>De huid is volkomen helder en fris<\/span><br \/>\n<span>De huid is kalm, mat en gehydrateerd<\/span><br \/>\n<span>De huid is levendig met een heldere teint<\/span><\/p>\n<p><strong style=\"margin: 0px;padding: 0px;border: 0px;font-style: inherit;font-weight: var(--font-weight-body-bold);font-size: inherit;line-height: inherit;font-family: inherit;vertical-align: baseline\">Ingredienten<\/strong><\/p>\n<p><span>Key Ingredi\u00ebnten<\/span><br \/>\n<span>Stone Crop Juice: Hydrateert, geneest en verlicht pigmentatie<\/span><br \/>\n<span>Lavendel: Verjongend, bevordert herstel van de huid; kalmeert ge\u00efrriteerde huid<\/span><br \/>\n<span>Jasmijn: Antioxidant; voorziet de huid van caroteno\u00efden en vitamine C en P; voedt de huid<\/span><\/p>\n<p><span>Ingredi\u00ebntenlijst<\/span><br \/>\n<span>Organic Phytonutrient Blend\u2122 [Stone Crop Juice*, Aloe Juice*, Lemon Peel Extract*, Bearberry Extract*, Jasmine Flower Extract*, Lavender Flower Extract*, Calendula Officinalis Flower Extract*, Rice Extract*, Green Tea Leaf Extract*, Rosemary Leaf Extract*, Soybean Germ Extract*, Chlorophyll* and Vegetable Glycerin*], Propanediol (from Corn), Cellulose Gum, Sodium Hydroxide, Caprylyl Glycol, Ethylhexylglycerin, Aromatic Extract Blend, Algae*, Sorbitol, Vitamin B2, Heptyl Glucoside, Carrot Extract*, Biocomplex2\u2122 [Acai*, Lemon*, Barbados Cherry*, Indian Gooseberry*, Baobab*, Camu Camu*, Carrot*, Coconut Water*, Goji Berry*, Tapioca Starch (from Cassava Root)*, Alpha Lipoic Acid and Coenzyme Q10], Vegetable Glycerin*.<\/span><\/p>\n","protected":false},"excerpt":{"rendered":"<p>Een revitaliserende en herstellende toner voor alle huidtypes, in het bijzonder de oneffen huidtypes. Vrij van wreedheid en geformuleerd zonder parabenen, sodium lauryl sulfaten, dierlijke bijproducten, synthetische kleurstoffen, petrochemicali\u00ebn, ftalaten, GMO&#8217;s en triclosan. Size:&nbsp;125ml Gebruiksaanwijzing Reinig de huid en breng \u00e9\u00e9n tot twee sprays aan op gezicht en hals of breng aan met een wattenschijfje,&hellip;&nbsp;<a href=\"https:\/\/rosannenavis.nl\/?product=stone-crop-mist\" rel=\"bookmark\">Lees verder &raquo;<span class=\"screen-reader-text\">Stone crop mist<\/span><\/a><\/p>\n","protected":false},"featured_media":1171,"comment_status":"open","ping_status":"closed","template":"","meta":{"neve_meta_sidebar":"","neve_meta_container":"","neve_meta_enable_content_width":"","neve_meta_content_width":0,"neve_meta_title_alignment":"","neve_meta_author_avatar":"","neve_post_elements_order":"","neve_meta_disable_header":"","neve_meta_disable_footer":"","neve_meta_disable_title":"","_themeisle_gutenberg_block_has_review":false},"product_brand":[],"product_cat":[18],"product_tag":[],"class_list":{"0":"post-1172","1":"product","2":"type-product","3":"status-publish","4":"has-post-thumbnail","6":"product_cat-geen-categorie","8":"first","9":"instock","10":"taxable","11":"shipping-taxable","12":"purchasable","13":"product-type-simple"},"_links":{"self":[{"href":"https:\/\/rosannenavis.nl\/index.php?rest_route=\/wp\/v2\/product\/1172","targetHints":{"allow":["GET"]}}],"collection":[{"href":"https:\/\/rosannenavis.nl\/index.php?rest_route=\/wp\/v2\/product"}],"about":[{"href":"https:\/\/rosannenavis.nl\/index.php?rest_route=\/wp\/v2\/types\/product"}],"replies":[{"embeddable":true,"href":"https:\/\/rosannenavis.nl\/index.php?rest_route=%2Fwp%2Fv2%2Fcomments&post=1172"}],"wp:featuredmedia":[{"embeddable":true,"href":"https:\/\/rosannenavis.nl\/index.php?rest_route=\/wp\/v2\/media\/1171"}],"wp:attachment":[{"href":"https:\/\/rosannenavis.nl\/index.php?rest_route=%2Fwp%2Fv2%2Fmedia&parent=1172"}],"wp:term":[{"taxonomy":"product_brand","embeddable":true,"href":"https:\/\/rosannenavis.nl\/index.php?rest_route=%2Fwp%2Fv2%2Fproduct_brand&post=1172"},{"taxonomy":"product_cat","embeddable":true,"href":"https:\/\/rosannenavis.nl\/index.php?rest_route=%2Fwp%2Fv2%2Fproduct_cat&post=1172"},{"taxonomy":"product_tag","embeddable":true,"href":"https:\/\/rosannenavis.nl\/index.php?rest_route=%2Fwp%2Fv2%2Fproduct_tag&post=1172"}],"curies":[{"name":"wp","href":"https:\/\/api.w.org\/{rel}","templated":true}]}}